{"id":61,"date":"2025-06-19T11:00:43","date_gmt":"2025-06-19T11:00:43","guid":{"rendered":"https:\/\/wentylacja.org\/?page_id=61"},"modified":"2025-11-11T09:43:54","modified_gmt":"2025-11-11T09:43:54","slug":"pomiary-wentylacji-warszawa","status":"publish","type":"page","link":"https:\/\/wentylacja.org\/index.php\/pomiary-wentylacji-warszawa\/","title":{"rendered":"Pomiary wentylacji Warszawa"},"content":{"rendered":"\n<h2 class=\"wp-block-heading\"><strong>POMIARY WYDAJNO\u015aCI I&nbsp;HA\u0141ASU WENTYLACJI<\/strong><\/h2>\n\n\n\n<p>Pomiary wentylacji mechanicznej, oraz klimatyzacji &nbsp;wykonuje si\u0119 aby sprawdzi\u0107, jak dzia\u0142a wentylacja i czy wykonana instalacja wentylacji mechanicznej pracuje prawid\u0142owo, oraz czy osi\u0105gane przez ni\u0105 parametry dotycz\u0105ce ilo\u015bci powietrza i ha\u0142asu s\u0105 zgodne z projektem wentylacji zaopiniowanym przez rzeczoznawc\u0119, oraz polskimi normami.<\/p>\n\n\n\n<figure class=\"wp-block-image size-large is-resized\"><img loading=\"lazy\" decoding=\"async\" width=\"1024\" height=\"768\" src=\"https:\/\/wentylacja.org\/wp-content\/uploads\/2025\/11\/pomiary-wentylacji-1-1024x768.jpg\" alt=\"\" class=\"wp-image-83\" style=\"width:533px;height:auto\" srcset=\"https:\/\/wentylacja.org\/wp-content\/uploads\/2025\/11\/pomiary-wentylacji-1-1024x768.jpg 1024w, https:\/\/wentylacja.org\/wp-content\/uploads\/2025\/11\/pomiary-wentylacji-1-300x225.jpg 300w, https:\/\/wentylacja.org\/wp-content\/uploads\/2025\/11\/pomiary-wentylacji-1-768x576.jpg 768w, https:\/\/wentylacja.org\/wp-content\/uploads\/2025\/11\/pomiary-wentylacji-1-1000x750.jpg 1000w, https:\/\/wentylacja.org\/wp-content\/uploads\/2025\/11\/pomiary-wentylacji-1-230x173.jpg 230w, https:\/\/wentylacja.org\/wp-content\/uploads\/2025\/11\/pomiary-wentylacji-1-350x263.jpg 350w, https:\/\/wentylacja.org\/wp-content\/uploads\/2025\/11\/pomiary-wentylacji-1-480x360.jpg 480w, https:\/\/wentylacja.org\/wp-content\/uploads\/2025\/11\/pomiary-wentylacji-1.jpg 1500w\" sizes=\"auto, (max-width: 1024px) 100vw, 1024px\" \/><\/figure>\n\n\n\n<p>Po sprawdzeniu &nbsp;wydajno\u015bci wentylacji nawiewnej&nbsp;oraz wentylacji wyci\u0105gowej&nbsp;&nbsp;sprawdzamy zgodno\u015bci z projektem wentylacji oraz zgodno\u015b\u0107 z polskimi normami.&nbsp;Wykonujemy sprawdzenie&nbsp;poziomu ha\u0142asu pochodz\u0105cego z&nbsp; instalacji wentylacji. Po przeprowadzeniu pomiar\u00f3w wystawiany jest<strong>&nbsp;<\/strong>przez<strong>&nbsp;&nbsp;<\/strong>nas&nbsp;<strong>protok\u00f3\u0142 pomiar\u00f3w wydajno\u015bci wentylacji<\/strong>, oraz&nbsp;&nbsp;<strong>protok\u00f3\u0142 badania g\u0142o\u015bno\u015bci&nbsp;<\/strong>instalacji wentylacji.<\/p>\n\n\n\n<p>Wszystkie u\u017cywane przez nas przyrz\u0105dy pomiarowe posiadaj\u0105 aktualne protoko\u0142y kalibracji<\/p>\n\n\n\n<ul class=\"wp-block-list\">\n<li>Pomiary wentylacji mechanicznej<\/li>\n\n\n\n<li>pomiary wydajno\u015bci okap\u00f3w<\/li>\n\n\n\n<li>pomiary ha\u0142asu\/g\u0142o\u015bno\u015bci instalacji wentylacji<\/li>\n\n\n\n<li>pomiary g\u0142o\u015bno\u015bci zewn\u0119trznej wentylacji i klimatyzacji<\/li>\n\n\n\n<li>sprawdzenie poprawno\u015bci monta\u017cu wentylacji<\/li>\n\n\n\n<li>drobne poprawki wentylacji<\/li>\n\n\n\n<li>poprawianie dzia\u0142ania instalacji wentylacji<\/li>\n\n\n\n<li>szukanie nieszczelno\u015bci instalacji wentylacji<\/li>\n<\/ul>\n\n\n\n<h3 class=\"wp-block-heading\">POMIARY WENTYLACJI WARSZAWA 505 697 600<\/h3>\n\n\n\n<p>Dlaczego warto &nbsp;wykona\u0107&nbsp;<strong>pomiary wentylacji<\/strong>?<\/p>\n\n\n\n<p>Dobrze zaprojektowana i wykonana instalacja wentylacji powinna doprowadzi\u0107 odpowiedni\u0105 ilo\u015b\u0107 powietrza do pomieszcze\u0144, odprowadza\u0107 zyski ciep\u0142a, oraz uci\u0105\u017cliwe zapachy.<\/p>\n\n\n\n<p>Niestety &nbsp;w praktyce, to podstawowe zadania wentylacji&nbsp; nie zawsze s\u0105 do ko\u0144ca spe\u0142niane.<\/p>\n\n\n\n<p>Przyczyn takiego dzia\u0142ania wentylacji mo\u017ce by\u0107 wiele: b\u0142\u0119dne wykonane obliczenia przez projektanta wentylacji, niedotrzymanie parametr\u00f3w lub z\u0142y dob\u00f3r &nbsp;wentylator\u00f3w, central wentylacyjnych, liczne zmiany na etapie wykonywania instalacji wentylacji, nieoptymalny dob\u00f3r \u015brednic przewod\u00f3w wentylacyjnych, brak przepustnic, a co za tym idzie brak mo\u017cliwo\u015bci regulacji uk\u0142ad\u00f3w wentylacji. Przyczyn\u0105 mo\u017ce by\u0107 te\u017c zabrudzenie instalacji.<\/p>\n\n\n\n<p><img loading=\"lazy\" decoding=\"async\" src=\"https:\/\/web.archive.org\/web\/20190818161005im_\/http:\/\/instalacjebudowlane.pl\/obrazki2\/kamera_inspekcyjna_wohler_vis_350_201014c.jpg\" alt=\"Znalezione obrazy dla zapytania kamera do kana\u0142\u00f3w sanitarnych\" width=\"301\" height=\"215\"><\/p>\n\n\n\n<p>kamerowanie wentylacji<\/p>\n\n\n\n<p>Z\u0142a regulacja, lub jej brak mo\u017ce spowodowa\u0107 przedostawanie si\u0119 zapach\u00f3w do r\u00f3\u017cnych pomieszcze\u0144, oraz nieprawid\u0142owe dzia\u0142anie wentylacji, oraz ha\u0142as z systemu wentylacji.<\/p>\n\n\n\n<h3 class=\"wp-block-heading\">POMIARY G\u0141O\u015aNO\u015aCI WENTYLACJI 505 697 600<\/h3>\n\n\n\n<p>Niezale\u017cnie jednak od tego, czy mamy wra\u017cenie \u017ce uk\u0142ad wentylacji dzia\u0142a nieprawid\u0142owo, czy te\u017c dzia\u0142a prawid\u0142owo, w pewnym momencie pojawia si\u0119 konieczno\u015b\u0107 przeprowadzenia pomiar\u00f3w wydajno\u015bci instalacji wentylacji na potrzeby odbior\u00f3w technicznych&nbsp;obiektu.<br>Celem pomiar\u00f3w wentylacji jest uzyskanie pewno\u015bci, \u017ce instalacja wentylacji osi\u0105ga parametry projektowe i wydajno\u015bci zgodnie z wymaganiami okre\u015blonymi w polskich normach, badania wydajno\u015bci wentylacji s\u0105 niezb\u0119dne w trakcie procesu odbioru instalacji wentylacji. Protoko\u0142y pomiar\u00f3w skuteczno\u015bci wentylacji, oraz pomiary ha\u0142asu s\u0105 wymagane przy odbiorze lokali u\u017cyteczno\u015bci publicznej (lokali us\u0142ugowych, handlowych, gastronomicznych i innych) przez Sanepid, oraz Urz\u0105d Nadzoru Budowlanego. Badania, wraz z protoko\u0142ami z pomiar\u00f3w sporz\u0105dza si\u0119 tak\u017ce w trakcie normalnego u\u017cytkowania instalacji celem sprawdzenia poprawno\u015bci jej dzia\u0142ania, oraz na potrzeby okresowych przegl\u0105d\u00f3w, a tak\u017ce audyt\u00f3w wewn\u0119trznych odnosz\u0105cych si\u0119 do instalacji wentylacyjnych. W przypadku s\u0142abej&nbsp;dro\u017cno\u015bci przewod\u00f3w wentylacyjnych oferujemy us\u0142ug\u0119<strong>&nbsp;kamerowania kana\u0142\u00f3w wentylacyjnych<\/strong>&nbsp;kamer\u0105 cyfrow\u0105. Umo\u017cliwia to sprawdzenie dro\u017cno\u015bci przewod\u00f3w, znalezienie nieszczelno\u015bci, czy przeszk\u00f3d w przewodach wentylacyjnych, a tak\u017ce pozwala okre\u015bli\u0107 stan istniej\u0105cych przewod\u00f3w wentylacyjnych i ich przydatno\u015b\u0107 do u\u017cytkowania.<\/p>\n\n\n<div class=\"wp-block-image\">\n<figure class=\"alignright\"><a href=\"https:\/\/web.archive.org\/web\/20190818161005\/http:\/\/klimatyzacjapolska.pl\/wp-content\/uploads\/2016\/03\/anemometer-testo-Copy-1.jpg\"><img decoding=\"async\" src=\"https:\/\/web.archive.org\/web\/20190818161005im_\/http:\/\/klimatyzacjapolska.pl\/wp-content\/uploads\/2016\/03\/anemometer-testo-Copy-1-300x200.jpg\" alt=\"anemometer-testo - Copy 1\" class=\"wp-image-229\"\/><\/a><\/figure>\n<\/div>\n\n\n<p><strong>Protok\u00f3\u0142 z badania wydajno\u015bci wentylacji<\/strong>&nbsp;oraz&nbsp;<strong>protok\u00f3\u0142 g\u0142o\u015bno\u015bci instalacji wentylacji&nbsp;<\/strong>wymagany jest przez SANEPID przy odbiorze sanitarnym lokalu.<\/p>\n\n\n\n<p>Wykonujemy pomiary wydajno\u015bci instalacji wentylacji mechanicznej, oraz pomiary ha\u0142asu uk\u0142ad\u00f3w wentylacji, wystawiamy za\u015bwiadczenia o badaniu wydajno\u015bci wentylacji oraz ha\u0142asu instalacji wentylacji &nbsp;na potrzeby SANEPID-u, oraz Urz\u0119du Nadzoru Budowlanego. Wykonujemy kamerowanie przewod\u00f3w wentylacyjnych endoskopow\u0105 kamer\u0105 cyfrow\u0105 dla sprawdzenia&nbsp;ich stanu i dro\u017cno\u015bci.<\/p>\n\n\n\n<p>Pomiary wentylacji mechanicznej polegaj\u0105 na weryfikacji wydajno\u015bci nawiewu i wyci\u0105gu powietrza, por\u00f3wnaniu ich z za\u0142o\u017ceniami projektowymi oraz na pomiarze takich parametr\u00f3w jak pr\u0119dko\u015b\u0107, przep\u0142yw, temperatura, ci\u015bnienie i poziom ha\u0142asu emitowanego przez instalacj\u0119. S\u0105 one obowi\u0105zkowe do wykonania m.in. podczas odbioru technicznego budynku, aby zapewni\u0107 prawid\u0142owe dzia\u0142anie i spe\u0142nienie norm.<\/p>\n\n\n\n<p><strong>Metody pomiar\u00f3w<\/strong><br>Pomiar strumienia obj\u0119to\u015bciowego powietrza odbywa si\u0119 m.in. za pomoc\u0105 balometr\u00f3w, anemometr\u00f3w (w tym skrzyde\u0142kowych i termoanemometr\u00f3w) oraz rurek Pitota (Prandtla).<\/p>\n\n\n\n<p>Pomiar pr\u0119dko\u015bci przep\u0142ywu powietrza wykonuje si\u0119 w punktach kana\u0142\u00f3w wentylacyjnych, gdzie zbiera si\u0119 \u015brednie warto\u015bci z pomiar\u00f3w wykonanych w kilku punktach, aby uzyska\u0107 wiarygodne dane.<\/p>\n\n\n\n<p>Pomiar r\u00f3\u017cnicy ci\u015bnie\u0144 wykorzystuje si\u0119 rurk\u0119 Pitota i mikromanometr r\u00f3\u017cnicowy.<\/p>\n\n\n\n<p>Pomiar ha\u0142asu wentylacji jest tak\u017ce istotny ze wzgl\u0119du na normy higieniczne.<\/p>\n\n\n\n<p><strong>Standardy i normy<\/strong><br>Pomiar powinien by\u0107 wykonany zgodnie z norm\u0105 PN-EN 12599 dotycz\u0105ca procedur bada\u0144 i metod pomiarowych wentylacji budynk\u00f3w.<\/p>\n\n\n\n<p>Dla pomieszcze\u0144 mieszkalnych stosuje si\u0119 norm\u0119 PN-83\/B-03430 i jej nowelizacj\u0119, kt\u00f3re okre\u015blaj\u0105 wymagany strumie\u0144 powietrza wentylacyjnego.<\/p>\n\n\n\n<p>Pomiar musi by\u0107 dokonany przez specjalist\u0119 z odpowiednim do\u015bwiadczeniem i sprz\u0119tem, cz\u0119sto wymagane jest te\u017c \u015bwiadectwo wzorcowania urz\u0105dze\u0144 pomiarowych.<\/p>\n\n\n\n<p>Podstawowe parametry kontrolne<\/p>\n\n\n\n<ul class=\"wp-block-list\">\n<li>Ci\u015bnienie powietrza,<\/li>\n\n\n\n<li>Temperatura powietrza<\/li>\n\n\n\n<li>Przep\u0142yw powietrza (obj\u0119to\u015b\u0107 i pr\u0119dko\u015b\u0107),<\/li>\n\n\n\n<li>Emisja ha\u0142asu,<\/li>\n\n\n\n<li>Regulacja uk\u0142adu wentylacyjnego,<\/li>\n\n\n\n<li>Cz\u0119sto wykonuje si\u0119 tak\u017ce pr\u00f3b\u0119 szczelno\u015bci instalacji.<\/li>\n<\/ul>\n\n\n\n<p><\/p>\n\n\n\n<p>Koszt pomiaru zale\u017c\u0105 od kilku czynnik\u00f3w w wi\u0119kszo\u015bci liczone s\u0105 za punkt wraz z protoko\u0142em z badania. Wyniki pomiar\u00f3w przek\u0142adaj\u0105 si\u0119 na protok\u00f3\u0142 odbiorczy, konieczny do u\u017cytkowania budynku.<\/p>\n\n\n\n<h3 class=\"wp-block-heading\">POTRZEBUJESZ&nbsp;&nbsp;WYKONA\u0106&nbsp;&nbsp;POMIARY WENTYLACJI -ZADZWO\u0143 505 697 600<\/h3>\n\n\n\n<p>Podsumowuj\u0105c, pomiary wentylacji mechanicznej to kompleksowe badania parametr\u00f3w technicznych systemu wentylacyjnego, przeprowadzane za pomoc\u0105 specjalistycznych przyrz\u0105d\u00f3w, zgodnie z obowi\u0105zuj\u0105cymi normami i wymaganiami projektowymi.<\/p>\n\n\n\n<p><\/p>\n","protected":false},"excerpt":{"rendered":"<p>POMIARY WYDAJNO\u015aCI I&nbsp;HA\u0141ASU WENTYLACJI Pomiary wentylacji mechanicznej, oraz klimatyzacji &nbsp;wykonuje si\u0119 aby sprawdzi\u0107, jak dzia\u0142a wentylacja i czy wykonana instalacja wentylacji mechanicznej pracuje prawid\u0142owo, oraz czy osi\u0105gane przez ni\u0105 parametry dotycz\u0105ce ilo\u015bci powietrza i ha\u0142asu s\u0105 zgodne z projektem wentylacji zaopiniowanym przez rzeczoznawc\u0119, oraz polskimi normami. Po sprawdzeniu &nbsp;wydajno\u015bci wentylacji nawiewnej&nbsp;oraz wentylacji wyci\u0105gowej&nbsp;&nbsp;sprawdzamy zgodno\u015bci z&hellip;<\/p>\n","protected":false},"author":1,"featured_media":0,"parent":0,"menu_order":0,"comment_status":"closed","ping_status":"closed","template":"","meta":{"footnotes":""},"class_list":["post-61","page","type-page","status-publish","hentry"],"yoast_head":"<!-- This site is optimized with the Yoast SEO plugin v26.2 - https:\/\/yoast.com\/wordpress\/plugins\/seo\/ -->\n<title>Pomiary wentylacji Warszawa - Pogotowie Wentylacyjne<\/title>\n<meta name=\"description\" content=\"pomiary wentylacji, pomiary g\u0142o\u015bno\u015bci wentylacji, pomiary wentylacji dla SANEPIDU\" \/>\n<meta name=\"robots\" content=\"index, follow, max-snippet:-1, max-image-preview:large, max-video-preview:-1\" \/>\n<link rel=\"canonical\" href=\"https:\/\/wentylacja.org\/index.php\/pomiary-wentylacji-warszawa\/\" \/>\n<meta property=\"og:locale\" content=\"pl_PL\" \/>\n<meta property=\"og:type\" content=\"article\" \/>\n<meta property=\"og:title\" content=\"Pomiary wentylacji Warszawa - Pogotowie Wentylacyjne\" \/>\n<meta property=\"og:description\" content=\"pomiary wentylacji, pomiary g\u0142o\u015bno\u015bci wentylacji, pomiary wentylacji dla SANEPIDU\" \/>\n<meta property=\"og:url\" content=\"https:\/\/wentylacja.org\/index.php\/pomiary-wentylacji-warszawa\/\" \/>\n<meta property=\"og:site_name\" content=\"Pogotowie Wentylacyjne\" \/>\n<meta property=\"article:modified_time\" content=\"2025-11-11T09:43:54+00:00\" \/>\n<meta property=\"og:image\" content=\"https:\/\/wentylacja.org\/wp-content\/uploads\/2025\/11\/pomiary-wentylacji-1.jpg\" \/>\n\t<meta property=\"og:image:width\" content=\"1500\" \/>\n\t<meta property=\"og:image:height\" content=\"1125\" \/>\n\t<meta property=\"og:image:type\" content=\"image\/jpeg\" \/>\n<meta name=\"twitter:card\" content=\"summary_large_image\" \/>\n<meta name=\"twitter:label1\" content=\"Szacowany czas czytania\" \/>\n\t<meta name=\"twitter:data1\" content=\"5 minut\" \/>\n<script type=\"application\/ld+json\" class=\"yoast-schema-graph\">{\"@context\":\"https:\/\/schema.org\",\"@graph\":[{\"@type\":\"WebPage\",\"@id\":\"https:\/\/wentylacja.org\/index.php\/pomiary-wentylacji-warszawa\/\",\"url\":\"https:\/\/wentylacja.org\/index.php\/pomiary-wentylacji-warszawa\/\",\"name\":\"Pomiary wentylacji Warszawa - Pogotowie Wentylacyjne\",\"isPartOf\":{\"@id\":\"https:\/\/wentylacja.org\/#website\"},\"primaryImageOfPage\":{\"@id\":\"https:\/\/wentylacja.org\/index.php\/pomiary-wentylacji-warszawa\/#primaryimage\"},\"image\":{\"@id\":\"https:\/\/wentylacja.org\/index.php\/pomiary-wentylacji-warszawa\/#primaryimage\"},\"thumbnailUrl\":\"https:\/\/wentylacja.org\/wp-content\/uploads\/2025\/11\/pomiary-wentylacji-1-1024x768.jpg\",\"datePublished\":\"2025-06-19T11:00:43+00:00\",\"dateModified\":\"2025-11-11T09:43:54+00:00\",\"description\":\"pomiary wentylacji, pomiary g\u0142o\u015bno\u015bci wentylacji, pomiary wentylacji dla SANEPIDU\",\"breadcrumb\":{\"@id\":\"https:\/\/wentylacja.org\/index.php\/pomiary-wentylacji-warszawa\/#breadcrumb\"},\"inLanguage\":\"pl-PL\",\"potentialAction\":[{\"@type\":\"ReadAction\",\"target\":[\"https:\/\/wentylacja.org\/index.php\/pomiary-wentylacji-warszawa\/\"]}]},{\"@type\":\"ImageObject\",\"inLanguage\":\"pl-PL\",\"@id\":\"https:\/\/wentylacja.org\/index.php\/pomiary-wentylacji-warszawa\/#primaryimage\",\"url\":\"https:\/\/wentylacja.org\/wp-content\/uploads\/2025\/11\/pomiary-wentylacji-1.jpg\",\"contentUrl\":\"https:\/\/wentylacja.org\/wp-content\/uploads\/2025\/11\/pomiary-wentylacji-1.jpg\",\"width\":1500,\"height\":1125},{\"@type\":\"BreadcrumbList\",\"@id\":\"https:\/\/wentylacja.org\/index.php\/pomiary-wentylacji-warszawa\/#breadcrumb\",\"itemListElement\":[{\"@type\":\"ListItem\",\"position\":1,\"name\":\"Strona g\u0142\u00f3wna\",\"item\":\"https:\/\/wentylacja.org\/\"},{\"@type\":\"ListItem\",\"position\":2,\"name\":\"Pomiary wentylacji Warszawa\"}]},{\"@type\":\"WebSite\",\"@id\":\"https:\/\/wentylacja.org\/#website\",\"url\":\"https:\/\/wentylacja.org\/\",\"name\":\"Pogotowie Wentylacyjne\",\"description\":\"Serwis wentylacji\",\"publisher\":{\"@id\":\"https:\/\/wentylacja.org\/#organization\"},\"potentialAction\":[{\"@type\":\"SearchAction\",\"target\":{\"@type\":\"EntryPoint\",\"urlTemplate\":\"https:\/\/wentylacja.org\/?s={search_term_string}\"},\"query-input\":{\"@type\":\"PropertyValueSpecification\",\"valueRequired\":true,\"valueName\":\"search_term_string\"}}],\"inLanguage\":\"pl-PL\"},{\"@type\":\"Organization\",\"@id\":\"https:\/\/wentylacja.org\/#organization\",\"name\":\"Pogotowie Wentylacyjne\",\"url\":\"https:\/\/wentylacja.org\/\",\"logo\":{\"@type\":\"ImageObject\",\"inLanguage\":\"pl-PL\",\"@id\":\"https:\/\/wentylacja.org\/#\/schema\/logo\/image\/\",\"url\":\"https:\/\/wentylacja.org\/wp-content\/uploads\/2025\/06\/cropped-wukos-logo.jpg\",\"contentUrl\":\"https:\/\/wentylacja.org\/wp-content\/uploads\/2025\/06\/cropped-wukos-logo.jpg\",\"width\":200,\"height\":90,\"caption\":\"Pogotowie Wentylacyjne\"},\"image\":{\"@id\":\"https:\/\/wentylacja.org\/#\/schema\/logo\/image\/\"}}]}<\/script>\n<!-- \/ Yoast SEO plugin. -->","yoast_head_json":{"title":"Pomiary wentylacji Warszawa - Pogotowie Wentylacyjne","description":"pomiary wentylacji, pomiary g\u0142o\u015bno\u015bci wentylacji, pomiary wentylacji dla SANEPIDU","robots":{"index":"index","follow":"follow","max-snippet":"max-snippet:-1","max-image-preview":"max-image-preview:large","max-video-preview":"max-video-preview:-1"},"canonical":"https:\/\/wentylacja.org\/index.php\/pomiary-wentylacji-warszawa\/","og_locale":"pl_PL","og_type":"article","og_title":"Pomiary wentylacji Warszawa - Pogotowie Wentylacyjne","og_description":"pomiary wentylacji, pomiary g\u0142o\u015bno\u015bci wentylacji, pomiary wentylacji dla SANEPIDU","og_url":"https:\/\/wentylacja.org\/index.php\/pomiary-wentylacji-warszawa\/","og_site_name":"Pogotowie Wentylacyjne","article_modified_time":"2025-11-11T09:43:54+00:00","og_image":[{"width":1500,"height":1125,"url":"https:\/\/wentylacja.org\/wp-content\/uploads\/2025\/11\/pomiary-wentylacji-1.jpg","type":"image\/jpeg"}],"twitter_card":"summary_large_image","twitter_misc":{"Szacowany czas czytania":"5 minut"},"schema":{"@context":"https:\/\/schema.org","@graph":[{"@type":"WebPage","@id":"https:\/\/wentylacja.org\/index.php\/pomiary-wentylacji-warszawa\/","url":"https:\/\/wentylacja.org\/index.php\/pomiary-wentylacji-warszawa\/","name":"Pomiary wentylacji Warszawa - Pogotowie Wentylacyjne","isPartOf":{"@id":"https:\/\/wentylacja.org\/#website"},"primaryImageOfPage":{"@id":"https:\/\/wentylacja.org\/index.php\/pomiary-wentylacji-warszawa\/#primaryimage"},"image":{"@id":"https:\/\/wentylacja.org\/index.php\/pomiary-wentylacji-warszawa\/#primaryimage"},"thumbnailUrl":"https:\/\/wentylacja.org\/wp-content\/uploads\/2025\/11\/pomiary-wentylacji-1-1024x768.jpg","datePublished":"2025-06-19T11:00:43+00:00","dateModified":"2025-11-11T09:43:54+00:00","description":"pomiary wentylacji, pomiary g\u0142o\u015bno\u015bci wentylacji, pomiary wentylacji dla SANEPIDU","breadcrumb":{"@id":"https:\/\/wentylacja.org\/index.php\/pomiary-wentylacji-warszawa\/#breadcrumb"},"inLanguage":"pl-PL","potentialAction":[{"@type":"ReadAction","target":["https:\/\/wentylacja.org\/index.php\/pomiary-wentylacji-warszawa\/"]}]},{"@type":"ImageObject","inLanguage":"pl-PL","@id":"https:\/\/wentylacja.org\/index.php\/pomiary-wentylacji-warszawa\/#primaryimage","url":"https:\/\/wentylacja.org\/wp-content\/uploads\/2025\/11\/pomiary-wentylacji-1.jpg","contentUrl":"https:\/\/wentylacja.org\/wp-content\/uploads\/2025\/11\/pomiary-wentylacji-1.jpg","width":1500,"height":1125},{"@type":"BreadcrumbList","@id":"https:\/\/wentylacja.org\/index.php\/pomiary-wentylacji-warszawa\/#breadcrumb","itemListElement":[{"@type":"ListItem","position":1,"name":"Strona g\u0142\u00f3wna","item":"https:\/\/wentylacja.org\/"},{"@type":"ListItem","position":2,"name":"Pomiary wentylacji Warszawa"}]},{"@type":"WebSite","@id":"https:\/\/wentylacja.org\/#website","url":"https:\/\/wentylacja.org\/","name":"Pogotowie Wentylacyjne","description":"Serwis wentylacji","publisher":{"@id":"https:\/\/wentylacja.org\/#organization"},"potentialAction":[{"@type":"SearchAction","target":{"@type":"EntryPoint","urlTemplate":"https:\/\/wentylacja.org\/?s={search_term_string}"},"query-input":{"@type":"PropertyValueSpecification","valueRequired":true,"valueName":"search_term_string"}}],"inLanguage":"pl-PL"},{"@type":"Organization","@id":"https:\/\/wentylacja.org\/#organization","name":"Pogotowie Wentylacyjne","url":"https:\/\/wentylacja.org\/","logo":{"@type":"ImageObject","inLanguage":"pl-PL","@id":"https:\/\/wentylacja.org\/#\/schema\/logo\/image\/","url":"https:\/\/wentylacja.org\/wp-content\/uploads\/2025\/06\/cropped-wukos-logo.jpg","contentUrl":"https:\/\/wentylacja.org\/wp-content\/uploads\/2025\/06\/cropped-wukos-logo.jpg","width":200,"height":90,"caption":"Pogotowie Wentylacyjne"},"image":{"@id":"https:\/\/wentylacja.org\/#\/schema\/logo\/image\/"}}]}},"_links":{"self":[{"href":"https:\/\/wentylacja.org\/index.php\/wp-json\/wp\/v2\/pages\/61","targetHints":{"allow":["GET"]}}],"collection":[{"href":"https:\/\/wentylacja.org\/index.php\/wp-json\/wp\/v2\/pages"}],"about":[{"href":"https:\/\/wentylacja.org\/index.php\/wp-json\/wp\/v2\/types\/page"}],"author":[{"embeddable":true,"href":"https:\/\/wentylacja.org\/index.php\/wp-json\/wp\/v2\/users\/1"}],"replies":[{"embeddable":true,"href":"https:\/\/wentylacja.org\/index.php\/wp-json\/wp\/v2\/comments?post=61"}],"version-history":[{"count":4,"href":"https:\/\/wentylacja.org\/index.php\/wp-json\/wp\/v2\/pages\/61\/revisions"}],"predecessor-version":[{"id":88,"href":"https:\/\/wentylacja.org\/index.php\/wp-json\/wp\/v2\/pages\/61\/revisions\/88"}],"wp:attachment":[{"href":"https:\/\/wentylacja.org\/index.php\/wp-json\/wp\/v2\/media?parent=61"}],"curies":[{"name":"wp","href":"https:\/\/api.w.org\/{rel}","templated":true}]}}