{"id":12,"date":"2025-06-15T13:07:44","date_gmt":"2025-06-15T13:07:44","guid":{"rendered":"http:\/\/wentylacja.org\/?page_id=12"},"modified":"2026-01-04T18:58:52","modified_gmt":"2026-01-04T18:58:52","slug":"pogotowie-wentylacyjne-warszawa","status":"publish","type":"page","link":"https:\/\/wentylacja.org\/","title":{"rendered":"Pogotowie wentylacyjne Warszawa"},"content":{"rendered":"<div class=\"wp-block-image\">\n<figure class=\"alignleft size-large is-resized\"><img loading=\"lazy\" decoding=\"async\" width=\"575\" height=\"1024\" src=\"https:\/\/wentylacja.org\/wp-content\/uploads\/2025\/06\/IMG_20190206_164413-575x1024.jpg\" alt=\"\" class=\"wp-image-55\" style=\"aspect-ratio:0.5615008807205291;width:282px;height:auto\" srcset=\"https:\/\/wentylacja.org\/wp-content\/uploads\/2025\/06\/IMG_20190206_164413-575x1024.jpg 575w, https:\/\/wentylacja.org\/wp-content\/uploads\/2025\/06\/IMG_20190206_164413-168x300.jpg 168w, https:\/\/wentylacja.org\/wp-content\/uploads\/2025\/06\/IMG_20190206_164413-768x1368.jpg 768w, https:\/\/wentylacja.org\/wp-content\/uploads\/2025\/06\/IMG_20190206_164413-863x1536.jpg 863w, https:\/\/wentylacja.org\/wp-content\/uploads\/2025\/06\/IMG_20190206_164413-1150x2048.jpg 1150w, https:\/\/wentylacja.org\/wp-content\/uploads\/2025\/06\/IMG_20190206_164413-scaled.jpg 1438w\" sizes=\"auto, (max-width: 575px) 100vw, 575px\" \/><\/figure>\n<\/div>\n\n\n<h2 class=\"wp-block-heading\">Pogotowie wentylacyjne Warszawa<\/h2>\n\n\n\n<p><strong>Serwis wentylacji<\/strong> -Twoja wentylacja nie dzia\u0142a prawid\u0142owo, s\u0105siedzi skar\u017c\u0105 si\u0119 na przedostawanie zapach\u00f3w, okap nie wyci\u0105ga, jeste\u015bmy aby Ci pom\u00f3c. Mamy du\u017ce do\u015bwiadczenie w rozwiazywaniu k\u0142opot\u00f3w z wentylacj\u0105.<\/p>\n\n\n\n<figure class=\"wp-block-image size-large is-resized\"><img loading=\"lazy\" decoding=\"async\" width=\"1024\" height=\"768\" src=\"https:\/\/wentylacja.org\/wp-content\/uploads\/2025\/11\/pomiary-wentylacji-1024x768.jpg\" alt=\"\" class=\"wp-image-76\" style=\"aspect-ratio:1.3333513718274799;width:377px;height:auto\" srcset=\"https:\/\/wentylacja.org\/wp-content\/uploads\/2025\/11\/pomiary-wentylacji-1024x768.jpg 1024w, https:\/\/wentylacja.org\/wp-content\/uploads\/2025\/11\/pomiary-wentylacji-300x225.jpg 300w, https:\/\/wentylacja.org\/wp-content\/uploads\/2025\/11\/pomiary-wentylacji-768x576.jpg 768w, https:\/\/wentylacja.org\/wp-content\/uploads\/2025\/11\/pomiary-wentylacji.jpg 1500w\" sizes=\"auto, (max-width: 1024px) 100vw, 1024px\" \/><\/figure>\n\n\n\n<p>Oferujemy:  <\/p>\n\n\n\n<ul class=\"wp-block-list\">\n<li>Sprawdzenie przyczyny awarii<\/li>\n\n\n\n<li>Ocena wykonania instalacji<\/li>\n\n\n\n<li>Wycena koszt\u00f3w naprawy, przer\u00f3bek instalacji<\/li>\n\n\n\n<li>Wymiana uszkodzonych wentylator\u00f3w, nagrzewnic<\/li>\n\n\n\n<li>Wymiana wentylator\u00f3w, central<\/li>\n\n\n\n<li>Monta\u017c pion\u00f3w wentylacyjnych na elewacji<\/li>\n\n\n\n<li>Czyszczenie instalacji wentylacji<\/li>\n\n\n\n<li>Czyszczenie wentylacji kuchennych, t\u0142uszczowych <\/li>\n\n\n\n<li>Czyszczenie kuchni gastronomicznych instalacji wentylacji, okap\u00f3w<\/li>\n\n\n\n<li>Optymalizacja wentylacji kuchennej<\/li>\n\n\n\n<li>Sprawdzenie automatyki system\u00f3w wentylacji<\/li>\n\n\n\n<li>Monta\u017c okap\u00f3w gastronomicznych<\/li>\n\n\n\n<li>Monta\u017c wyci\u0105g\u00f3w z palarni kawy<\/li>\n\n\n\n<li><a href=\"https:\/\/wentylacja.org\/index.php\/pomiary-wentylacji-warszawa\/\">Pomiary wydajno\u015bci wentylacji<\/a><\/li>\n\n\n\n<li><a href=\"https:\/\/wentylacja.org\/index.php\/pomiary-wentylacji-warszawa\/\">Pomiary g\u0142o\u015bno\u015bci instalacji wentylacji<\/a><\/li>\n\n\n\n<li>Protoko\u0142y pomiar\u00f3w na potrzeby SANEPID<\/li>\n<\/ul>\n\n\n\n<p>Pomagamy gdy wentylacja nie dzia\u0142a jak nale\u017cy, masz problem bo wyci\u0105g w okapie nie wci\u0105ga zapach\u00f3w, dym z grilla wychodzi na sal\u0119, nawiew dzia\u0142a zbyt s\u0142abo, wentylacja ha\u0142asuje  pojawia si\u0119 wilgo\u0107.<\/p>\n\n\n<div class=\"wp-block-image\">\n<figure class=\"alignleft size-full is-resized\"><img loading=\"lazy\" decoding=\"async\" width=\"256\" height=\"160\" src=\"https:\/\/wentylacja.org\/wp-content\/uploads\/2026\/01\/wentylacja2.jpg\" alt=\"\" class=\"wp-image-99\" style=\"aspect-ratio:1.6000585994726046;width:382px;height:auto\"\/><\/figure>\n<\/div>\n\n\n<p>Nasze firma oferuje:<\/p>\n\n\n\n<p>\u2013 wentylacj\u0119 obiekt\u00f3w mieszkalnych<\/p>\n\n\n\n<p>\u2013 wentylacj\u0119 \u017c\u0142obk\u00f3w, przedszkoli, szk\u00f3\u0142<\/p>\n\n\n\n<p>\u2013 wentylacj\u0119 obiekt\u00f3w gastronomicznych<\/p>\n\n\n\n<p>\u2013 wentylacje specjalistyczne, dygestoria, odci\u0105gi miejscowe<\/p>\n\n\n\n<p>\u2013 systemy wentylacji z rekuperacj\u0105<\/p>\n\n\n\n<p>\u2013 instalacj\u0119 wentylacji komfortu<\/p>\n\n\n\n<p>\u2013 rekuperacj\u0119<\/p>\n\n\n\n<p>\u2013 Projekty wentylacji,<\/p>\n\n\n\n<p>\u2013 <a href=\"https:\/\/wentylacja.org\/index.php\/pomiary-wentylacji-warszawa\/\">pomiary regulacje system\u00f3w klimatyzacji i wentylacji<\/a><\/p>\n\n\n\n<p>\u2013 serwis i czyszczenie system\u00f3w wentylacji<\/p>\n\n\n\n<p>\u2013 pomiary wydajno\u015bci wentylacji<\/p>\n\n\n\n<p>\u2013 pomiary ha\u0142asu instalacji wentylacji i klimatyzacji<\/p>\n\n\n<div class=\"wp-block-image\">\n<figure class=\"alignleft size-large is-resized\"><img loading=\"lazy\" decoding=\"async\" width=\"1024\" height=\"575\" src=\"https:\/\/wentylacja.org\/wp-content\/uploads\/2025\/06\/IMG_20180913_131642-1024x575.jpg\" alt=\"\" class=\"wp-image-52\" style=\"width:389px;height:auto\" srcset=\"https:\/\/wentylacja.org\/wp-content\/uploads\/2025\/06\/IMG_20180913_131642-1024x575.jpg 1024w, https:\/\/wentylacja.org\/wp-content\/uploads\/2025\/06\/IMG_20180913_131642-300x168.jpg 300w, https:\/\/wentylacja.org\/wp-content\/uploads\/2025\/06\/IMG_20180913_131642-768x431.jpg 768w, https:\/\/wentylacja.org\/wp-content\/uploads\/2025\/06\/IMG_20180913_131642-1536x863.jpg 1536w, https:\/\/wentylacja.org\/wp-content\/uploads\/2025\/06\/IMG_20180913_131642-2048x1150.jpg 2048w\" sizes=\"auto, (max-width: 1024px) 100vw, 1024px\" \/><\/figure>\n<\/div>\n\n\n<p>W ramach \u015bwiadczonych przez nas us\u0142ug wykonujemy serwis instalacji  wentylacji. Zajmujemy si\u0119 serwisowaniem system\u00f3w wentylacyjnych w domach jednorodzinnych, restauracjach, hotelach, biurowcach, szko\u0142ach, magazynach i wielu innych budynkach. Weryfikujemy stan techniczny poszczeg\u00f3lnych element\u00f3w systemu, aby ca\u0142o\u015b\u0107 wentylacji mog\u0142a prawid\u0142owo funkcjonowa\u0107. Sprawdzamy dro\u017cno\u015b\u0107 i szczelno\u015b\u0107 przewod\u00f3w oraz urz\u0105dze\u0144, a tak\u017ce wymieniamy filtry. W razie wykrycia awarii szybko i sprawnie usuwamy wszelkie uszkodzenia. Oferujemy r\u00f3wnie\u017c us\u0142ugi czyszczenia i odgrzybiania wentylacji, kt\u00f3re powinno by\u0107 wykonywane regularnie.<\/p>\n\n\n<div class=\"wp-block-image\">\n<figure class=\"alignleft size-full is-resized\"><img loading=\"lazy\" decoding=\"async\" width=\"256\" height=\"160\" src=\"https:\/\/wentylacja.org\/wp-content\/uploads\/2026\/01\/wentylacja3.jpg\" alt=\"\" class=\"wp-image-103\" style=\"aspect-ratio:1.6000585994726046;width:414px;height:auto\"\/><\/figure>\n<\/div>\n\n\n<p><strong>Co to jest wentylacja mechaniczna?<\/strong><br>Wentylacja mechaniczna to proces wymiany zu\u017cytego powietrza w pomieszczeniu, wyrzucamy powietrze z pomieszczenia  na \u015bwie\u017ce przefiltrowane z zewn\u0105trz, najcz\u0119\u015bciej przy u\u017cyciu wentylator\u00f3w, central. Bardziej  optymalnym  rodzajem wentylacji mechanicznej jest rekuperacja, gdzie kluczow\u0105 rol\u0119 odgrywa r\u00f3\u017cnego rodzaje rekuperator\u00f3w , kt\u00f3rych g\u0142\u00f3wn\u0105 funkcj\u0105 jest wymiana energii cieplnej pomi\u0119dzy powietrzem nawiewnym a wywiewnym. Najwi\u0119ksz\u0105 zaleta zastosowania takiego systemu jest zmniejszenie koszt\u00f3w zwi\u0105zanych z ogrzewaniem nawiewanego powietrza.<\/p>\n\n\n\n<figure class=\"wp-block-image size-large is-resized\"><img loading=\"lazy\" decoding=\"async\" width=\"1024\" height=\"575\" src=\"https:\/\/wentylacja.org\/wp-content\/uploads\/2025\/11\/ruryspiro-1024x575.jpg\" alt=\"\" class=\"wp-image-78\" style=\"width:399px;height:auto\" srcset=\"https:\/\/wentylacja.org\/wp-content\/uploads\/2025\/11\/ruryspiro-1024x575.jpg 1024w, https:\/\/wentylacja.org\/wp-content\/uploads\/2025\/11\/ruryspiro-300x169.jpg 300w, https:\/\/wentylacja.org\/wp-content\/uploads\/2025\/11\/ruryspiro-768x431.jpg 768w, https:\/\/wentylacja.org\/wp-content\/uploads\/2025\/11\/ruryspiro.jpg 1456w\" sizes=\"auto, (max-width: 1024px) 100vw, 1024px\" \/><\/figure>\n\n\n\n<p>Jako\u015b\u0107 powietrza jakim oddychamy przebywaj\u0105c w r\u00f3\u017cnego rodzaju pomieszczeniach ma du\u017cy wp\u0142yw na nasze samopoczucie oraz zdrowie. Szacuje si\u0119 \u017ce \u015brednio sp\u0119dzamy oko\u0142o 80% naszego czasu w zamkni\u0119tych pomieszczeniach. Zbyt du\u017ca wilgotno\u015b\u0107 i inne czynniki mog\u0105 prowadzi\u0107 do problem\u00f3w zwi\u0105zanych np.: z g\u00f3rnymi drogami oddechowymi czy alergi\u0105 sk\u00f3rn\u0105.  Je\u015bli m\u00f3wimy o prawid\u0142owej kontroli wilgotno\u015bci to w tym przypadku jedynie dobrze zaprojektowany i serwisowany system mo\u017ce by\u0107 rozwi\u0105zaniem.<\/p>\n\n\n\n<h2 class=\"wp-block-heading\">Serwis wentylacji<\/h2>\n\n\n\n<p>G\u0142\u00f3wnymi czynno\u015bciami serwisowymi w przypadku serwisu central wentylacyjnych  s\u0105:<br>Wymiana zu\u017cytych filtr\u00f3w powietrza,<br>Oczyszczenie mechaniczne oraz chemiczne centrali wentylacyjnej,<br>Przegl\u0105d oraz weryfikacja przewod\u00f3w wentylacyjnych pod k\u0105tem szczelno\u015bci,<br>Pomiary elektryczne jednostek nap\u0119dowych,<br>Sprawdzenie modu\u0142u sterowania,<br>Wymiana wyeksploatowanych podzespo\u0142\u00f3w,<br>Dezynfekcja oraz odgrzybianie kana\u0142\u00f3w,<br>Powt\u00f3rny, przegl\u0105d po dokonanej konserwacji.<\/p>\n\n\n\n<p>Serwis wentylacji mechanicznej to kompleksowa us\u0142uga obejmuj\u0105ca regularne przegl\u0105dy techniczne, czyszczenie, konserwacj\u0119, naprawy oraz modernizacje system\u00f3w wentylacyjnych. Us\u0142ugi serwisowe obejmuj\u0105 m.in. wymian\u0119 filtr\u00f3w powietrza, oczyszczanie centrali wentylacyjnej mechanicznie i chemicznie, kontrol\u0119 szczelno\u015bci przewod\u00f3w, pomiary elektryczne jednostek nap\u0119dowych, sprawdzanie modu\u0142\u00f3w sterowania, dezynfekcj\u0119 i odgrzybianie kana\u0142\u00f3w, a tak\u017ce wymian\u0119 uszkodzonych podzespo\u0142\u00f3w. Fachowcy wykonuj\u0105 r\u00f3wnie\u017c diagnostyk\u0119 i kalibracje system\u00f3w, aby utrzyma\u0107 ich optymaln\u0105 wydajno\u015b\u0107, zapobiega\u0107 awariom i zapewni\u0107 zdrowe warunki powietrzne w obiektach.<\/p>\n\n\n<div class=\"wp-block-image\">\n<figure class=\"alignleft size-large is-resized\"><img loading=\"lazy\" decoding=\"async\" width=\"1024\" height=\"657\" src=\"https:\/\/wentylacja.org\/wp-content\/uploads\/2026\/01\/dezynfekcja-1024x657.jpg\" alt=\"\" class=\"wp-image-105\" style=\"aspect-ratio:1.558593296996405;width:408px;height:auto\" srcset=\"https:\/\/wentylacja.org\/wp-content\/uploads\/2026\/01\/dezynfekcja-1024x657.jpg 1024w, https:\/\/wentylacja.org\/wp-content\/uploads\/2026\/01\/dezynfekcja-300x193.jpg 300w, https:\/\/wentylacja.org\/wp-content\/uploads\/2026\/01\/dezynfekcja-768x493.jpg 768w, https:\/\/wentylacja.org\/wp-content\/uploads\/2026\/01\/dezynfekcja.jpg 1184w\" sizes=\"auto, (max-width: 1024px) 100vw, 1024px\" \/><\/figure>\n<\/div>\n\n\n<p>Regularny serwis wentylacji mechanicznej jest kluczowy dla jej prawid\u0142owego dzia\u0142ania i komfortu u\u017cytkownik\u00f3w, a tak\u017ce dla bezpiecze\u0144stwa zdrowotnego poprzez eliminacj\u0119 zanieczyszcze\u0144 i drobnoustroj\u00f3w. Serwisy s\u0105 dost\u0119pne zar\u00f3wno dla obiekt\u00f3w mieszkalnych, jak i firm, instytucji oraz du\u017cych obiekt\u00f3w przemys\u0142owych i komercyjnych, cz\u0119sto oferuj\u0105c tak\u017ce modernizacje i dostosowanie system\u00f3w do aktualnych potrzeb.<\/p>\n\n\n\n<h2 class=\"wp-block-heading\">Serwis wentylacji Warszawa<\/h2>\n","protected":false},"excerpt":{"rendered":"<p>Pogotowie wentylacyjne Warszawa Serwis wentylacji -Twoja wentylacja nie dzia\u0142a prawid\u0142owo, s\u0105siedzi skar\u017c\u0105 si\u0119 na przedostawanie zapach\u00f3w, okap nie wyci\u0105ga, jeste\u015bmy aby Ci pom\u00f3c. Mamy du\u017ce do\u015bwiadczenie w rozwiazywaniu k\u0142opot\u00f3w z wentylacj\u0105. Oferujemy: Pomagamy gdy wentylacja nie dzia\u0142a jak nale\u017cy, masz problem bo wyci\u0105g w okapie nie wci\u0105ga zapach\u00f3w, dym z grilla wychodzi na sal\u0119, nawiew&hellip;<\/p>\n","protected":false},"author":1,"featured_media":0,"parent":0,"menu_order":0,"comment_status":"closed","ping_status":"closed","template":"","meta":{"footnotes":""},"class_list":["post-12","page","type-page","status-publish","hentry"],"yoast_head":"<!-- This site is optimized with the Yoast SEO plugin v26.2 - https:\/\/yoast.com\/wordpress\/plugins\/seo\/ -->\n<title>Pogotowie wentylacyjne Warszawa - Pogotowie Wentylacyjne<\/title>\n<meta name=\"description\" content=\"Serwis wentylacji, przegl\u0105dy wentylacji, pogotowie wentylacyjne Warszawa, usuwanie awarii wentylacji\" \/>\n<meta name=\"robots\" content=\"index, follow, max-snippet:-1, max-image-preview:large, max-video-preview:-1\" \/>\n<link rel=\"canonical\" href=\"https:\/\/wentylacja.org\/\" \/>\n<meta property=\"og:locale\" content=\"pl_PL\" \/>\n<meta property=\"og:type\" content=\"article\" \/>\n<meta property=\"og:title\" content=\"Pogotowie wentylacyjne Warszawa - Pogotowie Wentylacyjne\" \/>\n<meta property=\"og:description\" content=\"Serwis wentylacji, przegl\u0105dy wentylacji, pogotowie wentylacyjne Warszawa, usuwanie awarii wentylacji\" \/>\n<meta property=\"og:url\" content=\"https:\/\/wentylacja.org\/\" \/>\n<meta property=\"og:site_name\" content=\"Pogotowie Wentylacyjne\" \/>\n<meta property=\"article:modified_time\" content=\"2026-01-04T18:58:52+00:00\" \/>\n<meta property=\"og:image\" content=\"http:\/\/wentylacja.org\/wp-content\/uploads\/2025\/06\/IMG_20190206_164413-575x1024.jpg\" \/>\n<meta name=\"twitter:card\" content=\"summary_large_image\" \/>\n<meta name=\"twitter:label1\" content=\"Szacowany czas czytania\" \/>\n\t<meta name=\"twitter:data1\" content=\"5 minut\" \/>\n<script type=\"application\/ld+json\" class=\"yoast-schema-graph\">{\"@context\":\"https:\/\/schema.org\",\"@graph\":[{\"@type\":\"WebPage\",\"@id\":\"https:\/\/wentylacja.org\/\",\"url\":\"https:\/\/wentylacja.org\/\",\"name\":\"Pogotowie wentylacyjne Warszawa - Pogotowie Wentylacyjne\",\"isPartOf\":{\"@id\":\"https:\/\/wentylacja.org\/#website\"},\"primaryImageOfPage\":{\"@id\":\"https:\/\/wentylacja.org\/#primaryimage\"},\"image\":{\"@id\":\"https:\/\/wentylacja.org\/#primaryimage\"},\"thumbnailUrl\":\"http:\/\/wentylacja.org\/wp-content\/uploads\/2025\/06\/IMG_20190206_164413-575x1024.jpg\",\"datePublished\":\"2025-06-15T13:07:44+00:00\",\"dateModified\":\"2026-01-04T18:58:52+00:00\",\"description\":\"Serwis wentylacji, przegl\u0105dy wentylacji, pogotowie wentylacyjne Warszawa, usuwanie awarii wentylacji\",\"breadcrumb\":{\"@id\":\"https:\/\/wentylacja.org\/#breadcrumb\"},\"inLanguage\":\"pl-PL\",\"potentialAction\":[{\"@type\":\"ReadAction\",\"target\":[\"https:\/\/wentylacja.org\/\"]}]},{\"@type\":\"ImageObject\",\"inLanguage\":\"pl-PL\",\"@id\":\"https:\/\/wentylacja.org\/#primaryimage\",\"url\":\"http:\/\/wentylacja.org\/wp-content\/uploads\/2025\/06\/IMG_20190206_164413-575x1024.jpg\",\"contentUrl\":\"http:\/\/wentylacja.org\/wp-content\/uploads\/2025\/06\/IMG_20190206_164413-575x1024.jpg\"},{\"@type\":\"BreadcrumbList\",\"@id\":\"https:\/\/wentylacja.org\/#breadcrumb\",\"itemListElement\":[{\"@type\":\"ListItem\",\"position\":1,\"name\":\"Strona g\u0142\u00f3wna\",\"item\":\"https:\/\/wentylacja.org\/\"},{\"@type\":\"ListItem\",\"position\":2,\"name\":\"Pogotowie wentylacyjne Warszawa\"}]},{\"@type\":\"WebSite\",\"@id\":\"https:\/\/wentylacja.org\/#website\",\"url\":\"https:\/\/wentylacja.org\/\",\"name\":\"Pogotowie Wentylacyjne\",\"description\":\"Serwis wentylacji\",\"publisher\":{\"@id\":\"https:\/\/wentylacja.org\/#organization\"},\"potentialAction\":[{\"@type\":\"SearchAction\",\"target\":{\"@type\":\"EntryPoint\",\"urlTemplate\":\"https:\/\/wentylacja.org\/?s={search_term_string}\"},\"query-input\":{\"@type\":\"PropertyValueSpecification\",\"valueRequired\":true,\"valueName\":\"search_term_string\"}}],\"inLanguage\":\"pl-PL\"},{\"@type\":\"Organization\",\"@id\":\"https:\/\/wentylacja.org\/#organization\",\"name\":\"Pogotowie Wentylacyjne\",\"url\":\"https:\/\/wentylacja.org\/\",\"logo\":{\"@type\":\"ImageObject\",\"inLanguage\":\"pl-PL\",\"@id\":\"https:\/\/wentylacja.org\/#\/schema\/logo\/image\/\",\"url\":\"https:\/\/wentylacja.org\/wp-content\/uploads\/2025\/06\/cropped-wukos-logo.jpg\",\"contentUrl\":\"https:\/\/wentylacja.org\/wp-content\/uploads\/2025\/06\/cropped-wukos-logo.jpg\",\"width\":200,\"height\":90,\"caption\":\"Pogotowie Wentylacyjne\"},\"image\":{\"@id\":\"https:\/\/wentylacja.org\/#\/schema\/logo\/image\/\"}}]}<\/script>\n<!-- \/ Yoast SEO plugin. -->","yoast_head_json":{"title":"Pogotowie wentylacyjne Warszawa - Pogotowie Wentylacyjne","description":"Serwis wentylacji, przegl\u0105dy wentylacji, pogotowie wentylacyjne Warszawa, usuwanie awarii wentylacji","robots":{"index":"index","follow":"follow","max-snippet":"max-snippet:-1","max-image-preview":"max-image-preview:large","max-video-preview":"max-video-preview:-1"},"canonical":"https:\/\/wentylacja.org\/","og_locale":"pl_PL","og_type":"article","og_title":"Pogotowie wentylacyjne Warszawa - Pogotowie Wentylacyjne","og_description":"Serwis wentylacji, przegl\u0105dy wentylacji, pogotowie wentylacyjne Warszawa, usuwanie awarii wentylacji","og_url":"https:\/\/wentylacja.org\/","og_site_name":"Pogotowie Wentylacyjne","article_modified_time":"2026-01-04T18:58:52+00:00","og_image":[{"url":"http:\/\/wentylacja.org\/wp-content\/uploads\/2025\/06\/IMG_20190206_164413-575x1024.jpg","type":"","width":"","height":""}],"twitter_card":"summary_large_image","twitter_misc":{"Szacowany czas czytania":"5 minut"},"schema":{"@context":"https:\/\/schema.org","@graph":[{"@type":"WebPage","@id":"https:\/\/wentylacja.org\/","url":"https:\/\/wentylacja.org\/","name":"Pogotowie wentylacyjne Warszawa - Pogotowie Wentylacyjne","isPartOf":{"@id":"https:\/\/wentylacja.org\/#website"},"primaryImageOfPage":{"@id":"https:\/\/wentylacja.org\/#primaryimage"},"image":{"@id":"https:\/\/wentylacja.org\/#primaryimage"},"thumbnailUrl":"http:\/\/wentylacja.org\/wp-content\/uploads\/2025\/06\/IMG_20190206_164413-575x1024.jpg","datePublished":"2025-06-15T13:07:44+00:00","dateModified":"2026-01-04T18:58:52+00:00","description":"Serwis wentylacji, przegl\u0105dy wentylacji, pogotowie wentylacyjne Warszawa, usuwanie awarii wentylacji","breadcrumb":{"@id":"https:\/\/wentylacja.org\/#breadcrumb"},"inLanguage":"pl-PL","potentialAction":[{"@type":"ReadAction","target":["https:\/\/wentylacja.org\/"]}]},{"@type":"ImageObject","inLanguage":"pl-PL","@id":"https:\/\/wentylacja.org\/#primaryimage","url":"http:\/\/wentylacja.org\/wp-content\/uploads\/2025\/06\/IMG_20190206_164413-575x1024.jpg","contentUrl":"http:\/\/wentylacja.org\/wp-content\/uploads\/2025\/06\/IMG_20190206_164413-575x1024.jpg"},{"@type":"BreadcrumbList","@id":"https:\/\/wentylacja.org\/#breadcrumb","itemListElement":[{"@type":"ListItem","position":1,"name":"Strona g\u0142\u00f3wna","item":"https:\/\/wentylacja.org\/"},{"@type":"ListItem","position":2,"name":"Pogotowie wentylacyjne Warszawa"}]},{"@type":"WebSite","@id":"https:\/\/wentylacja.org\/#website","url":"https:\/\/wentylacja.org\/","name":"Pogotowie Wentylacyjne","description":"Serwis wentylacji","publisher":{"@id":"https:\/\/wentylacja.org\/#organization"},"potentialAction":[{"@type":"SearchAction","target":{"@type":"EntryPoint","urlTemplate":"https:\/\/wentylacja.org\/?s={search_term_string}"},"query-input":{"@type":"PropertyValueSpecification","valueRequired":true,"valueName":"search_term_string"}}],"inLanguage":"pl-PL"},{"@type":"Organization","@id":"https:\/\/wentylacja.org\/#organization","name":"Pogotowie Wentylacyjne","url":"https:\/\/wentylacja.org\/","logo":{"@type":"ImageObject","inLanguage":"pl-PL","@id":"https:\/\/wentylacja.org\/#\/schema\/logo\/image\/","url":"https:\/\/wentylacja.org\/wp-content\/uploads\/2025\/06\/cropped-wukos-logo.jpg","contentUrl":"https:\/\/wentylacja.org\/wp-content\/uploads\/2025\/06\/cropped-wukos-logo.jpg","width":200,"height":90,"caption":"Pogotowie Wentylacyjne"},"image":{"@id":"https:\/\/wentylacja.org\/#\/schema\/logo\/image\/"}}]}},"_links":{"self":[{"href":"https:\/\/wentylacja.org\/index.php\/wp-json\/wp\/v2\/pages\/12","targetHints":{"allow":["GET"]}}],"collection":[{"href":"https:\/\/wentylacja.org\/index.php\/wp-json\/wp\/v2\/pages"}],"about":[{"href":"https:\/\/wentylacja.org\/index.php\/wp-json\/wp\/v2\/types\/page"}],"author":[{"embeddable":true,"href":"https:\/\/wentylacja.org\/index.php\/wp-json\/wp\/v2\/users\/1"}],"replies":[{"embeddable":true,"href":"https:\/\/wentylacja.org\/index.php\/wp-json\/wp\/v2\/comments?post=12"}],"version-history":[{"count":20,"href":"https:\/\/wentylacja.org\/index.php\/wp-json\/wp\/v2\/pages\/12\/revisions"}],"predecessor-version":[{"id":107,"href":"https:\/\/wentylacja.org\/index.php\/wp-json\/wp\/v2\/pages\/12\/revisions\/107"}],"wp:attachment":[{"href":"https:\/\/wentylacja.org\/index.php\/wp-json\/wp\/v2\/media?parent=12"}],"curies":[{"name":"wp","href":"https:\/\/api.w.org\/{rel}","templated":true}]}}